{"id":7270,"date":"2021-10-14T15:46:36","date_gmt":"2021-10-14T15:46:36","guid":{"rendered":"https:\/\/creartestyling.com\/politica-privacidad\/"},"modified":"2024-12-18T11:54:03","modified_gmt":"2024-12-18T10:54:03","slug":"politica-privacidad","status":"publish","type":"page","link":"https:\/\/creartestyling.com\/ca\/politica-privacidad\/","title":{"rendered":"Pol\u00edtica de privadesa"},"content":{"rendered":"\t\t<div data-elementor-type=\"wp-page\" data-elementor-id=\"7270\" class=\"elementor elementor-7270 elementor-38\" data-elementor-post-type=\"page\">\n\t\t\t\t\t\t<section class=\"elementor-section elementor-top-section elementor-element elementor-element-8006250 elementor-section-boxed elementor-section-height-default elementor-section-height-default\" data-id=\"8006250\" data-element_type=\"section\" data-e-type=\"section\">\n\t\t\t\t\t\t<div class=\"elementor-container elementor-column-gap-default\">\n\t\t\t\t\t<div class=\"elementor-column elementor-col-100 elementor-top-column elementor-element elementor-element-46da4cf\" data-id=\"46da4cf\" data-element_type=\"column\" data-e-type=\"column\">\n\t\t\t<div class=\"elementor-widget-wrap elementor-element-populated\">\n\t\t\t\t\t\t<div class=\"elementor-element elementor-element-46cf0d7 elementor-widget elementor-widget-heading\" data-id=\"46cf0d7\" data-element_type=\"widget\" data-e-type=\"widget\" data-widget_type=\"heading.default\">\n\t\t\t\t<div class=\"elementor-widget-container\">\n\t\t\t\t\t<h2 class=\"elementor-heading-title elementor-size-default\">POL\u00cdTICA DE PRIVACITAT<\/h2>\t\t\t\t<\/div>\n\t\t\t\t<\/div>\n\t\t\t\t<div class=\"elementor-element elementor-element-4757770 elementor-widget elementor-widget-text-editor\" data-id=\"4757770\" data-element_type=\"widget\" data-e-type=\"widget\" data-widget_type=\"text-editor.default\">\n\t\t\t\t<div class=\"elementor-widget-container\">\n\t\t\t\t\t\t\t\t\t<p>El Reglament (UE) 2016\/679 de protecci\u00f3 de dades de car\u00e0cter personal estableix un nou enfocament per al control i el tractament de les dades de car\u00e0cter personal. Hem revisat i adaptat la nostra pol\u00edtica de privadesa als nous requisits i volem oferir m\u00e9s informaci\u00f3 i transpar\u00e8ncia en relaci\u00f3 amb el tractament de les dades personals.<\/p>\n<p>CREAR-TE STYLING, S.L. amb CIF B67067892 \u00e9s responsable del tractament de les dades de car\u00e0cter personal dels seus usuaris i clients, aix\u00ed com de les dades que puguin ser recollides a trav\u00e9s del lloc web.<\/p>\n<p>CREAR-TE STYLING, S.L. informa els usuaris del lloc web sobre la seva pol\u00edtica respecte del tractament i protecci\u00f3 de les dades de car\u00e0cter personal dels usuaris i clients que puguin ser demanats per la navegaci\u00f3 o contractaci\u00f3 de serveis a trav\u00e9s del seu lloc web.<\/p>\n\t\t\t\t\t\t\t\t<\/div>\n\t\t\t\t<\/div>\n\t\t\t\t<div class=\"elementor-element elementor-element-b6977f8 elementor-widget elementor-widget-heading\" data-id=\"b6977f8\" data-element_type=\"widget\" data-e-type=\"widget\" data-widget_type=\"heading.default\">\n\t\t\t\t<div class=\"elementor-widget-container\">\n\t\t\t\t\t<h2 class=\"elementor-heading-title elementor-size-default\">Finalitat del tractament de les dades.<\/h2>\t\t\t\t<\/div>\n\t\t\t\t<\/div>\n\t\t\t\t<div class=\"elementor-element elementor-element-49105a6 elementor-widget elementor-widget-text-editor\" data-id=\"49105a6\" data-element_type=\"widget\" data-e-type=\"widget\" data-widget_type=\"text-editor.default\">\n\t\t\t\t<div class=\"elementor-widget-container\">\n\t\t\t\t\t\t\t\t\t<p>Les seves dades de car\u00e0cter personal es demanen amb la finalitat de prestar i mantenir els serveis acordats contractualment aix\u00ed com poder informar-lo sobre els nous productes i serveis.<br \/>El tractament de les dades que ens faciliti a trav\u00e9s dels formularis de la web <a href=\"\/\">www.creartestyling.com<\/a>, es regir\u00e0 per aquesta mateixa pol\u00edtica de privadesa.<br \/>Les operacions, gestions i procediments t\u00e8cnics que es realitzin de forma automatitzada o no automatitzada i que possibilitin la recollida, emmagatzematge, modificaci\u00f3, transfer\u00e8ncia i altres accions sobre dades de car\u00e0cter personal, tenen la consideraci\u00f3 de tractament de dades personals.<\/p>\n<p>CREAR-TE STYLING, S.L. procedir\u00e0 a tractar les dades de car\u00e0cter personal de manera l\u00edcita, lleial, transparent, adequada, pertinent, limitada, exacta i actualitzada.<\/p>\n\t\t\t\t\t\t\t\t<\/div>\n\t\t\t\t<\/div>\n\t\t\t\t<div class=\"elementor-element elementor-element-b757201 elementor-widget elementor-widget-heading\" data-id=\"b757201\" data-element_type=\"widget\" data-e-type=\"widget\" data-widget_type=\"heading.default\">\n\t\t\t\t<div class=\"elementor-widget-container\">\n\t\t\t\t\t<h2 class=\"elementor-heading-title elementor-size-default\">Dades recollides per a la prestaci\u00f3 d'un servei<\/h2>\t\t\t\t<\/div>\n\t\t\t\t<\/div>\n\t\t\t\t<div class=\"elementor-element elementor-element-cb3a8f5 elementor-widget elementor-widget-text-editor\" data-id=\"cb3a8f5\" data-element_type=\"widget\" data-e-type=\"widget\" data-widget_type=\"text-editor.default\">\n\t\t\t\t<div class=\"elementor-widget-container\">\n\t\t\t\t\t\t\t\t\t<p>Les dades de car\u00e0cter personal que ens faciliti per a la prestaci\u00f3 d&#8217;un servei seran els m\u00ednims exigibles per poder oferir-vos els serveis que contracteu i per al compliment de les obligacions legals.<br \/>Les dades seran conservades durant els terminis legalment establerts.<\/p>\n\t\t\t\t\t\t\t\t<\/div>\n\t\t\t\t<\/div>\n\t\t\t\t<div class=\"elementor-element elementor-element-bfe0bb4 elementor-widget elementor-widget-heading\" data-id=\"bfe0bb4\" data-element_type=\"widget\" data-e-type=\"widget\" data-widget_type=\"heading.default\">\n\t\t\t\t<div class=\"elementor-widget-container\">\n\t\t\t\t\t<h2 class=\"elementor-heading-title elementor-size-default\">Dades recollides per sol\u00b7licitar informaci\u00f3 a trav\u00e9s del formulari web.<\/h2>\t\t\t\t<\/div>\n\t\t\t\t<\/div>\n\t\t\t\t<div class=\"elementor-element elementor-element-4b82eaa elementor-widget elementor-widget-text-editor\" data-id=\"4b82eaa\" data-element_type=\"widget\" data-e-type=\"widget\" data-widget_type=\"text-editor.default\">\n\t\t\t\t<div class=\"elementor-widget-container\">\n\t\t\t\t\t\t\t\t\t<p>Les dades personals demanades a trav\u00e9s del formulari web per a la petici\u00f3 d&#8217;informaci\u00f3 tenen com a finalitat l&#8217;enviament d&#8217;informaci\u00f3 comercial sobre els nostres productes i serveis.<br \/>El tractament de les dades en aquest cas est\u00e0 legitimat pel consentiment expr\u00e9s que ens presta en acceptar l&#8217;enviament de la informaci\u00f3 aportada a trav\u00e9s del formulari.<\/p>\n\t\t\t\t\t\t\t\t<\/div>\n\t\t\t\t<\/div>\n\t\t\t\t<div class=\"elementor-element elementor-element-d2bb994 elementor-widget elementor-widget-heading\" data-id=\"d2bb994\" data-element_type=\"widget\" data-e-type=\"widget\" data-widget_type=\"heading.default\">\n\t\t\t\t<div class=\"elementor-widget-container\">\n\t\t\t\t\t<h2 class=\"elementor-heading-title elementor-size-default\">Exercici dels drets<\/h2>\t\t\t\t<\/div>\n\t\t\t\t<\/div>\n\t\t\t\t<div class=\"elementor-element elementor-element-0b56158 elementor-widget elementor-widget-text-editor\" data-id=\"0b56158\" data-element_type=\"widget\" data-e-type=\"widget\" data-widget_type=\"text-editor.default\">\n\t\t\t\t<div class=\"elementor-widget-container\">\n\t\t\t\t\t\t\t\t\t<p>D&#8217;acord amb els drets que confereix el Reglament (UE) 2016\/679 de protecci\u00f3 de dades de car\u00e0cter personal podreu exercir els drets d&#8217;acc\u00e9s, rectificaci\u00f3, limitaci\u00f3 de tractament, supressi\u00f3, portabilitat i oposici\u00f3 al tractament de les vostres dades dirigint la vostra petici\u00f3 a la adre\u00e7a postal indicada o al correu electr\u00f2nic <a href=\"mailto:contacto@creartestyling.com\">contacto@creartestyling.com.<\/a><br \/>Per a l&#8217;exercici dels drets s&#8217;haur\u00e0 d&#8217;identificar mitjan\u00e7ant la presentaci\u00f3 del vostre DNI.<\/p>\n\t\t\t\t\t\t\t\t<\/div>\n\t\t\t\t<\/div>\n\t\t\t\t<div class=\"elementor-element elementor-element-06cfe0b elementor-widget elementor-widget-heading\" data-id=\"06cfe0b\" data-element_type=\"widget\" data-e-type=\"widget\" data-widget_type=\"heading.default\">\n\t\t\t\t<div class=\"elementor-widget-container\">\n\t\t\t\t\t<h2 class=\"elementor-heading-title elementor-size-default\">Destinataris<\/h2>\t\t\t\t<\/div>\n\t\t\t\t<\/div>\n\t\t\t\t<div class=\"elementor-element elementor-element-f2ac2fa elementor-widget elementor-widget-text-editor\" data-id=\"f2ac2fa\" data-element_type=\"widget\" data-e-type=\"widget\" data-widget_type=\"text-editor.default\">\n\t\t\t\t<div class=\"elementor-widget-container\">\n\t\t\t\t\t\t\t\t\t<p>CREAR-TE STYLING, S.L. informa als usuaris que les seves dades personals no seran comunicades a tercers, llevat que aquesta comunicaci\u00f3 de dades estigui emparada en una obligaci\u00f3 legal o quan la prestaci\u00f3 d&#8217;un servei impliqui la necessitat d&#8217;una relaci\u00f3 contractual amb un encarregat de tractament. En aquest darrer cas, els destinataris de les vostres dades poden ser determinats encarregats del tractament necessaris per a la correcta prestaci\u00f3 dels serveis.<\/p>\n<p>CREAR-TE STYLING, S.L. mant\u00e9 uns criteris estrictes de selecci\u00f3 d&#8217;encarregats de tractament i es compromet contractualment amb cadascun a complir i fer complir les obligacions establertes en mat\u00e8ria de protecci\u00f3 de dades<\/p>\n\t\t\t\t\t\t\t\t<\/div>\n\t\t\t\t<\/div>\n\t\t\t\t<div class=\"elementor-element elementor-element-4f6376e elementor-widget elementor-widget-heading\" data-id=\"4f6376e\" data-element_type=\"widget\" data-e-type=\"widget\" data-widget_type=\"heading.default\">\n\t\t\t\t<div class=\"elementor-widget-container\">\n\t\t\t\t\t<h2 class=\"elementor-heading-title elementor-size-default\">Variaci\u00f3 de les dades<\/h2>\t\t\t\t<\/div>\n\t\t\t\t<\/div>\n\t\t\t\t<div class=\"elementor-element elementor-element-277af28 elementor-widget elementor-widget-text-editor\" data-id=\"277af28\" data-element_type=\"widget\" data-e-type=\"widget\" data-widget_type=\"text-editor.default\">\n\t\t\t\t<div class=\"elementor-widget-container\">\n\t\t\t\t\t\t\t\t\t<p>Mentre no ens comuniquin el contrari, entendrem que les dades no han estat modificades i que es compromet a notificar-nos qualsevol variaci\u00f3.<\/p>\n<p>Per a qualsevol reclamaci\u00f3 podeu adre\u00e7ar-vos a <a href=\"mailto:contacto@creartestyling.com\">contacto@creartestyling.com<\/a>, igualment podeu adre\u00e7ar-vos a l&#8217;Ag\u00e8ncia Espanyola de Protecci\u00f3 de Dades <a href=\"http:\/\/www.agdp.es\">www.agdp.es<\/a>.<\/p><\/p>\n\t\t\t\t\t\t\t\t<\/div>\n\t\t\t\t<\/div>\n\t\t\t\t\t<\/div>\n\t\t<\/div>\n\t\t\t\t\t<\/div>\n\t\t<\/section>\n\t\t\t\t<\/div>\n\t\t","protected":false},"excerpt":{"rendered":"<p>POL\u00cdTICA DE PRIVACITAT El Reglament (UE) 2016\/679 de protecci\u00f3 de dades de car\u00e0cter personal estableix un nou enfocament per al control i el tractament de les dades de car\u00e0cter personal. Hem revisat i adaptat la nostra pol\u00edtica de privadesa als nous requisits i volem oferir m\u00e9s informaci\u00f3 i transpar\u00e8ncia en relaci\u00f3 amb el tractament de [&hellip;]<\/p>\n","protected":false},"author":2,"featured_media":0,"parent":0,"menu_order":0,"comment_status":"closed","ping_status":"open","template":"elementor_header_footer","meta":{"_acf_changed":false,"inline_featured_image":false,"_joinchat":[],"footnotes":""},"class_list":["post-7270","page","type-page","status-publish","hentry"],"acf":[],"yoast_head":"<!-- This site is optimized with the Yoast SEO plugin v27.5 - https:\/\/yoast.com\/product\/yoast-seo-wordpress\/ -->\n<title>\u25b7Pol\u00edtica de privadesa - \u3010 Crearte Styling \u3011<\/title>\n<meta name=\"description\" content=\"POL\u00cdTICA DE PRIVACITAT El Reglament (UE) 2016\/679 de protecci\u00f3 de dades de car\u00e0cter personal estableix un nou enfocament per al control i el tractament de \u2713\" \/>\n<meta name=\"robots\" content=\"noindex, nofollow\" \/>\n<meta property=\"og:locale\" content=\"ca_ES\" \/>\n<meta property=\"og:type\" content=\"article\" \/>\n<meta property=\"og:title\" content=\"\u25b7Pol\u00edtica de privadesa - \u3010 Crearte Styling \u3011\" \/>\n<meta property=\"og:description\" content=\"POL\u00cdTICA DE PRIVACITAT El Reglament (UE) 2016\/679 de protecci\u00f3 de dades de car\u00e0cter personal estableix un nou enfocament per al control i el tractament de \u2713\" \/>\n<meta property=\"og:url\" content=\"https:\/\/creartestyling.com\/ca\/politica-privacidad\/\" \/>\n<meta property=\"og:site_name\" content=\"Crearte Styling\" \/>\n<meta property=\"article:modified_time\" content=\"2024-12-18T10:54:03+00:00\" \/>\n<meta name=\"twitter:card\" content=\"summary_large_image\" \/>\n<meta name=\"twitter:label1\" content=\"Temps estimat de lectura\" \/>\n\t<meta name=\"twitter:data1\" content=\"3 minuts\" \/>\n<script type=\"application\/ld+json\" class=\"yoast-schema-graph\">{\"@context\":\"https:\\\/\\\/schema.org\",\"@graph\":[{\"@type\":\"WebPage\",\"@id\":\"https:\\\/\\\/creartestyling.com\\\/ca\\\/politica-privacidad\\\/\",\"url\":\"https:\\\/\\\/creartestyling.com\\\/ca\\\/politica-privacidad\\\/\",\"name\":\"\u25b7Pol\u00edtica de privadesa - \u3010 Crearte Styling \u3011\",\"isPartOf\":{\"@id\":\"https:\\\/\\\/creartestyling.com\\\/#website\"},\"datePublished\":\"2021-10-14T15:46:36+00:00\",\"dateModified\":\"2024-12-18T10:54:03+00:00\",\"description\":\"POL\u00cdTICA DE PRIVACITAT El Reglament (UE) 2016\\\/679 de protecci\u00f3 de dades de car\u00e0cter personal estableix un nou enfocament per al control i el tractament de \u2713\",\"breadcrumb\":{\"@id\":\"https:\\\/\\\/creartestyling.com\\\/ca\\\/politica-privacidad\\\/#breadcrumb\"},\"inLanguage\":\"ca\",\"potentialAction\":[{\"@type\":\"ReadAction\",\"target\":[\"https:\\\/\\\/creartestyling.com\\\/ca\\\/politica-privacidad\\\/\"]}]},{\"@type\":\"BreadcrumbList\",\"@id\":\"https:\\\/\\\/creartestyling.com\\\/ca\\\/politica-privacidad\\\/#breadcrumb\",\"itemListElement\":[{\"@type\":\"ListItem\",\"position\":1,\"name\":\"Portada\",\"item\":\"https:\\\/\\\/creartestyling.com\\\/\"},{\"@type\":\"ListItem\",\"position\":2,\"name\":\"Pol\u00edtica de privadesa\"}]},{\"@type\":\"WebSite\",\"@id\":\"https:\\\/\\\/creartestyling.com\\\/#website\",\"url\":\"https:\\\/\\\/creartestyling.com\\\/\",\"name\":\"Crearte Styling\",\"description\":\"Personal Image\",\"publisher\":{\"@id\":\"https:\\\/\\\/creartestyling.com\\\/#organization\"},\"potentialAction\":[{\"@type\":\"SearchAction\",\"target\":{\"@type\":\"EntryPoint\",\"urlTemplate\":\"https:\\\/\\\/creartestyling.com\\\/?s={search_term_string}\"},\"query-input\":{\"@type\":\"PropertyValueSpecification\",\"valueRequired\":true,\"valueName\":\"search_term_string\"}}],\"inLanguage\":\"ca\"},{\"@type\":\"Organization\",\"@id\":\"https:\\\/\\\/creartestyling.com\\\/#organization\",\"name\":\"Crearte Styling\",\"url\":\"https:\\\/\\\/creartestyling.com\\\/\",\"logo\":{\"@type\":\"ImageObject\",\"inLanguage\":\"ca\",\"@id\":\"https:\\\/\\\/creartestyling.com\\\/#\\\/schema\\\/logo\\\/image\\\/\",\"url\":\"https:\\\/\\\/creartestyling.com\\\/wp-content\\\/uploads\\\/2024\\\/04\\\/logo.png\",\"contentUrl\":\"https:\\\/\\\/creartestyling.com\\\/wp-content\\\/uploads\\\/2024\\\/04\\\/logo.png\",\"width\":691,\"height\":259,\"caption\":\"Crearte Styling\"},\"image\":{\"@id\":\"https:\\\/\\\/creartestyling.com\\\/#\\\/schema\\\/logo\\\/image\\\/\"}}]}<\/script>\n<!-- \/ Yoast SEO plugin. -->","yoast_head_json":{"title":"\u25b7Pol\u00edtica de privadesa - \u3010 Crearte Styling \u3011","description":"POL\u00cdTICA DE PRIVACITAT El Reglament (UE) 2016\/679 de protecci\u00f3 de dades de car\u00e0cter personal estableix un nou enfocament per al control i el tractament de \u2713","robots":{"index":"noindex","follow":"nofollow"},"og_locale":"ca_ES","og_type":"article","og_title":"\u25b7Pol\u00edtica de privadesa - \u3010 Crearte Styling \u3011","og_description":"POL\u00cdTICA DE PRIVACITAT El Reglament (UE) 2016\/679 de protecci\u00f3 de dades de car\u00e0cter personal estableix un nou enfocament per al control i el tractament de \u2713","og_url":"https:\/\/creartestyling.com\/ca\/politica-privacidad\/","og_site_name":"Crearte Styling","article_modified_time":"2024-12-18T10:54:03+00:00","twitter_card":"summary_large_image","twitter_misc":{"Temps estimat de lectura":"3 minuts"},"schema":{"@context":"https:\/\/schema.org","@graph":[{"@type":"WebPage","@id":"https:\/\/creartestyling.com\/ca\/politica-privacidad\/","url":"https:\/\/creartestyling.com\/ca\/politica-privacidad\/","name":"\u25b7Pol\u00edtica de privadesa - \u3010 Crearte Styling \u3011","isPartOf":{"@id":"https:\/\/creartestyling.com\/#website"},"datePublished":"2021-10-14T15:46:36+00:00","dateModified":"2024-12-18T10:54:03+00:00","description":"POL\u00cdTICA DE PRIVACITAT El Reglament (UE) 2016\/679 de protecci\u00f3 de dades de car\u00e0cter personal estableix un nou enfocament per al control i el tractament de \u2713","breadcrumb":{"@id":"https:\/\/creartestyling.com\/ca\/politica-privacidad\/#breadcrumb"},"inLanguage":"ca","potentialAction":[{"@type":"ReadAction","target":["https:\/\/creartestyling.com\/ca\/politica-privacidad\/"]}]},{"@type":"BreadcrumbList","@id":"https:\/\/creartestyling.com\/ca\/politica-privacidad\/#breadcrumb","itemListElement":[{"@type":"ListItem","position":1,"name":"Portada","item":"https:\/\/creartestyling.com\/"},{"@type":"ListItem","position":2,"name":"Pol\u00edtica de privadesa"}]},{"@type":"WebSite","@id":"https:\/\/creartestyling.com\/#website","url":"https:\/\/creartestyling.com\/","name":"Crearte Styling","description":"Personal Image","publisher":{"@id":"https:\/\/creartestyling.com\/#organization"},"potentialAction":[{"@type":"SearchAction","target":{"@type":"EntryPoint","urlTemplate":"https:\/\/creartestyling.com\/?s={search_term_string}"},"query-input":{"@type":"PropertyValueSpecification","valueRequired":true,"valueName":"search_term_string"}}],"inLanguage":"ca"},{"@type":"Organization","@id":"https:\/\/creartestyling.com\/#organization","name":"Crearte Styling","url":"https:\/\/creartestyling.com\/","logo":{"@type":"ImageObject","inLanguage":"ca","@id":"https:\/\/creartestyling.com\/#\/schema\/logo\/image\/","url":"https:\/\/creartestyling.com\/wp-content\/uploads\/2024\/04\/logo.png","contentUrl":"https:\/\/creartestyling.com\/wp-content\/uploads\/2024\/04\/logo.png","width":691,"height":259,"caption":"Crearte Styling"},"image":{"@id":"https:\/\/creartestyling.com\/#\/schema\/logo\/image\/"}}]}},"_links":{"self":[{"href":"https:\/\/creartestyling.com\/ca\/wp-json\/wp\/v2\/pages\/7270","targetHints":{"allow":["GET"]}}],"collection":[{"href":"https:\/\/creartestyling.com\/ca\/wp-json\/wp\/v2\/pages"}],"about":[{"href":"https:\/\/creartestyling.com\/ca\/wp-json\/wp\/v2\/types\/page"}],"author":[{"embeddable":true,"href":"https:\/\/creartestyling.com\/ca\/wp-json\/wp\/v2\/users\/2"}],"replies":[{"embeddable":true,"href":"https:\/\/creartestyling.com\/ca\/wp-json\/wp\/v2\/comments?post=7270"}],"version-history":[{"count":2,"href":"https:\/\/creartestyling.com\/ca\/wp-json\/wp\/v2\/pages\/7270\/revisions"}],"predecessor-version":[{"id":7272,"href":"https:\/\/creartestyling.com\/ca\/wp-json\/wp\/v2\/pages\/7270\/revisions\/7272"}],"wp:attachment":[{"href":"https:\/\/creartestyling.com\/ca\/wp-json\/wp\/v2\/media?parent=7270"}],"curies":[{"name":"wp","href":"https:\/\/api.w.org\/{rel}","templated":true}]}}