{"id":7304,"date":"2024-07-16T09:10:44","date_gmt":"2024-07-16T07:10:44","guid":{"rendered":"https:\/\/creartestyling.com\/producto\/targeta-regal\/"},"modified":"2024-12-19T17:45:32","modified_gmt":"2024-12-19T16:45:32","slug":"targeta-regal","status":"publish","type":"product","link":"https:\/\/creartestyling.com\/ca\/producto\/targeta-regal\/","title":{"rendered":"Targeta regal"},"content":{"rendered":"<p>Ofereix als teus \u00e9ssers estimats la llibertat de triar els seus tractaments favorits i crea moments inoblidables. Compra la teva targeta regal avui i sorpr\u00e8n amb una experi\u00e8ncia de cura personal. El regal perfecte per a qualsevol ocasi\u00f3! A m\u00e9s, s&#8217; enviar\u00e0 directament a la persona per email per a la seva comoditat.<\/p>\n","protected":false},"excerpt":{"rendered":"<p>Ofereix als teus \u00e9ssers estimats la llibertat de triar els seus tractaments favorits i crea moments inoblidables. Compra la teva targeta regal avui i sorpr\u00e8n amb una experi\u00e8ncia de cura personal. El regal perfecte per a qualsevol ocasi\u00f3! A m\u00e9s, s&#8217; enviar\u00e0 directament a la persona per email per a la seva comoditat.<\/p>\n","protected":false},"featured_media":7305,"comment_status":"closed","ping_status":"closed","template":"","meta":{"_acf_changed":false,"inline_featured_image":false,"_joinchat":[]},"product_brand":[],"product_cat":[74],"product_tag":[],"giftcard-category":[65,69,66,68,67,52],"class_list":{"0":"post-7304","1":"product","2":"type-product","3":"status-publish","4":"has-post-thumbnail","6":"product_cat-tarjeta-regalo-ca","7":"giftcard-category-aniversario","8":"giftcard-category-cheque","9":"giftcard-category-navidad","10":"giftcard-category-regalo","11":"giftcard-category-sant-valentin","12":"giftcard-category-all","14":"first","15":"instock","16":"virtual","17":"purchasable","18":"product-type-gift-card"},"acf":[],"yoast_head":"<!-- This site is optimized with the Yoast SEO plugin v27.5 - https:\/\/yoast.com\/product\/yoast-seo-wordpress\/ -->\n<title>Targeta regal - Crearte Styling<\/title>\n<meta name=\"description\" content=\"Ofereix als teus \u00e9ssers estimats la llibertat de triar els seus tractaments favorits i crea moments inoblidables. Compra la teva targeta regal avui i \u2713\" \/>\n<meta name=\"robots\" content=\"index, follow, max-snippet:-1, max-image-preview:large, max-video-preview:-1\" \/>\n<link rel=\"canonical\" href=\"https:\/\/creartestyling.com\/ca\/producto\/targeta-regal\/\" \/>\n<meta property=\"og:locale\" content=\"ca_ES\" \/>\n<meta property=\"og:type\" content=\"article\" \/>\n<meta property=\"og:title\" content=\"Targeta regal - Crearte Styling\" \/>\n<meta property=\"og:description\" content=\"Ofereix als teus \u00e9ssers estimats la llibertat de triar els seus tractaments favorits i crea moments inoblidables. Compra la teva targeta regal avui i \u2713\" \/>\n<meta property=\"og:url\" content=\"https:\/\/creartestyling.com\/ca\/producto\/targeta-regal\/\" \/>\n<meta property=\"og:site_name\" content=\"Crearte Styling\" \/>\n<meta property=\"article:modified_time\" content=\"2024-12-19T16:45:32+00:00\" \/>\n<meta property=\"og:image\" content=\"https:\/\/creartestyling.com\/wp-content\/uploads\/2024\/10\/tarjeta-regalo-Crearte.png\" \/>\n\t<meta property=\"og:image:width\" content=\"874\" \/>\n\t<meta property=\"og:image:height\" content=\"620\" \/>\n\t<meta property=\"og:image:type\" content=\"image\/png\" \/>\n<meta name=\"twitter:card\" content=\"summary_large_image\" \/>\n<meta name=\"twitter:label1\" content=\"Temps estimat de lectura\" \/>\n\t<meta name=\"twitter:data1\" content=\"1 minut\" \/>\n<script type=\"application\/ld+json\" class=\"yoast-schema-graph\">{\"@context\":\"https:\\\/\\\/schema.org\",\"@graph\":[{\"@type\":\"WebPage\",\"@id\":\"https:\\\/\\\/creartestyling.com\\\/ca\\\/producto\\\/targeta-regal\\\/\",\"url\":\"https:\\\/\\\/creartestyling.com\\\/ca\\\/producto\\\/targeta-regal\\\/\",\"name\":\"Targeta regal - Crearte Styling\",\"isPartOf\":{\"@id\":\"https:\\\/\\\/creartestyling.com\\\/#website\"},\"primaryImageOfPage\":{\"@id\":\"https:\\\/\\\/creartestyling.com\\\/ca\\\/producto\\\/targeta-regal\\\/#primaryimage\"},\"image\":{\"@id\":\"https:\\\/\\\/creartestyling.com\\\/ca\\\/producto\\\/targeta-regal\\\/#primaryimage\"},\"thumbnailUrl\":\"https:\\\/\\\/creartestyling.com\\\/wp-content\\\/uploads\\\/2024\\\/10\\\/tarjeta-regalo-Crearte.png\",\"datePublished\":\"2024-07-16T07:10:44+00:00\",\"dateModified\":\"2024-12-19T16:45:32+00:00\",\"description\":\"Ofereix als teus \u00e9ssers estimats la llibertat de triar els seus tractaments favorits i crea moments inoblidables. Compra la teva targeta regal avui i \u2713\",\"breadcrumb\":{\"@id\":\"https:\\\/\\\/creartestyling.com\\\/ca\\\/producto\\\/targeta-regal\\\/#breadcrumb\"},\"inLanguage\":\"ca\",\"potentialAction\":[{\"@type\":\"ReadAction\",\"target\":[\"https:\\\/\\\/creartestyling.com\\\/ca\\\/producto\\\/targeta-regal\\\/\"]}]},{\"@type\":\"ImageObject\",\"inLanguage\":\"ca\",\"@id\":\"https:\\\/\\\/creartestyling.com\\\/ca\\\/producto\\\/targeta-regal\\\/#primaryimage\",\"url\":\"https:\\\/\\\/creartestyling.com\\\/wp-content\\\/uploads\\\/2024\\\/10\\\/tarjeta-regalo-Crearte.png\",\"contentUrl\":\"https:\\\/\\\/creartestyling.com\\\/wp-content\\\/uploads\\\/2024\\\/10\\\/tarjeta-regalo-Crearte.png\",\"width\":874,\"height\":620},{\"@type\":\"BreadcrumbList\",\"@id\":\"https:\\\/\\\/creartestyling.com\\\/ca\\\/producto\\\/targeta-regal\\\/#breadcrumb\",\"itemListElement\":[{\"@type\":\"ListItem\",\"position\":1,\"name\":\"Portada\",\"item\":\"https:\\\/\\\/creartestyling.com\\\/\"},{\"@type\":\"ListItem\",\"position\":2,\"name\":\"Tienda\",\"item\":\"https:\\\/\\\/creartestyling.com\\\/tienda\\\/\"},{\"@type\":\"ListItem\",\"position\":3,\"name\":\"Targeta regal\"}]},{\"@type\":\"WebSite\",\"@id\":\"https:\\\/\\\/creartestyling.com\\\/#website\",\"url\":\"https:\\\/\\\/creartestyling.com\\\/\",\"name\":\"Crearte Styling\",\"description\":\"Personal Image\",\"publisher\":{\"@id\":\"https:\\\/\\\/creartestyling.com\\\/#organization\"},\"potentialAction\":[{\"@type\":\"SearchAction\",\"target\":{\"@type\":\"EntryPoint\",\"urlTemplate\":\"https:\\\/\\\/creartestyling.com\\\/?s={search_term_string}\"},\"query-input\":{\"@type\":\"PropertyValueSpecification\",\"valueRequired\":true,\"valueName\":\"search_term_string\"}}],\"inLanguage\":\"ca\"},{\"@type\":\"Organization\",\"@id\":\"https:\\\/\\\/creartestyling.com\\\/#organization\",\"name\":\"Crearte Styling\",\"url\":\"https:\\\/\\\/creartestyling.com\\\/\",\"logo\":{\"@type\":\"ImageObject\",\"inLanguage\":\"ca\",\"@id\":\"https:\\\/\\\/creartestyling.com\\\/#\\\/schema\\\/logo\\\/image\\\/\",\"url\":\"https:\\\/\\\/creartestyling.com\\\/wp-content\\\/uploads\\\/2024\\\/04\\\/logo.png\",\"contentUrl\":\"https:\\\/\\\/creartestyling.com\\\/wp-content\\\/uploads\\\/2024\\\/04\\\/logo.png\",\"width\":691,\"height\":259,\"caption\":\"Crearte Styling\"},\"image\":{\"@id\":\"https:\\\/\\\/creartestyling.com\\\/#\\\/schema\\\/logo\\\/image\\\/\"}}]}<\/script>\n<!-- \/ Yoast SEO plugin. -->","yoast_head_json":{"title":"Targeta regal - Crearte Styling","description":"Ofereix als teus \u00e9ssers estimats la llibertat de triar els seus tractaments favorits i crea moments inoblidables. Compra la teva targeta regal avui i \u2713","robots":{"index":"index","follow":"follow","max-snippet":"max-snippet:-1","max-image-preview":"max-image-preview:large","max-video-preview":"max-video-preview:-1"},"canonical":"https:\/\/creartestyling.com\/ca\/producto\/targeta-regal\/","og_locale":"ca_ES","og_type":"article","og_title":"Targeta regal - Crearte Styling","og_description":"Ofereix als teus \u00e9ssers estimats la llibertat de triar els seus tractaments favorits i crea moments inoblidables. Compra la teva targeta regal avui i \u2713","og_url":"https:\/\/creartestyling.com\/ca\/producto\/targeta-regal\/","og_site_name":"Crearte Styling","article_modified_time":"2024-12-19T16:45:32+00:00","og_image":[{"width":874,"height":620,"url":"https:\/\/creartestyling.com\/wp-content\/uploads\/2024\/10\/tarjeta-regalo-Crearte.png","type":"image\/png"}],"twitter_card":"summary_large_image","twitter_misc":{"Temps estimat de lectura":"1 minut"},"schema":{"@context":"https:\/\/schema.org","@graph":[{"@type":"WebPage","@id":"https:\/\/creartestyling.com\/ca\/producto\/targeta-regal\/","url":"https:\/\/creartestyling.com\/ca\/producto\/targeta-regal\/","name":"Targeta regal - Crearte Styling","isPartOf":{"@id":"https:\/\/creartestyling.com\/#website"},"primaryImageOfPage":{"@id":"https:\/\/creartestyling.com\/ca\/producto\/targeta-regal\/#primaryimage"},"image":{"@id":"https:\/\/creartestyling.com\/ca\/producto\/targeta-regal\/#primaryimage"},"thumbnailUrl":"https:\/\/creartestyling.com\/wp-content\/uploads\/2024\/10\/tarjeta-regalo-Crearte.png","datePublished":"2024-07-16T07:10:44+00:00","dateModified":"2024-12-19T16:45:32+00:00","description":"Ofereix als teus \u00e9ssers estimats la llibertat de triar els seus tractaments favorits i crea moments inoblidables. Compra la teva targeta regal avui i \u2713","breadcrumb":{"@id":"https:\/\/creartestyling.com\/ca\/producto\/targeta-regal\/#breadcrumb"},"inLanguage":"ca","potentialAction":[{"@type":"ReadAction","target":["https:\/\/creartestyling.com\/ca\/producto\/targeta-regal\/"]}]},{"@type":"ImageObject","inLanguage":"ca","@id":"https:\/\/creartestyling.com\/ca\/producto\/targeta-regal\/#primaryimage","url":"https:\/\/creartestyling.com\/wp-content\/uploads\/2024\/10\/tarjeta-regalo-Crearte.png","contentUrl":"https:\/\/creartestyling.com\/wp-content\/uploads\/2024\/10\/tarjeta-regalo-Crearte.png","width":874,"height":620},{"@type":"BreadcrumbList","@id":"https:\/\/creartestyling.com\/ca\/producto\/targeta-regal\/#breadcrumb","itemListElement":[{"@type":"ListItem","position":1,"name":"Portada","item":"https:\/\/creartestyling.com\/"},{"@type":"ListItem","position":2,"name":"Tienda","item":"https:\/\/creartestyling.com\/tienda\/"},{"@type":"ListItem","position":3,"name":"Targeta regal"}]},{"@type":"WebSite","@id":"https:\/\/creartestyling.com\/#website","url":"https:\/\/creartestyling.com\/","name":"Crearte Styling","description":"Personal Image","publisher":{"@id":"https:\/\/creartestyling.com\/#organization"},"potentialAction":[{"@type":"SearchAction","target":{"@type":"EntryPoint","urlTemplate":"https:\/\/creartestyling.com\/?s={search_term_string}"},"query-input":{"@type":"PropertyValueSpecification","valueRequired":true,"valueName":"search_term_string"}}],"inLanguage":"ca"},{"@type":"Organization","@id":"https:\/\/creartestyling.com\/#organization","name":"Crearte Styling","url":"https:\/\/creartestyling.com\/","logo":{"@type":"ImageObject","inLanguage":"ca","@id":"https:\/\/creartestyling.com\/#\/schema\/logo\/image\/","url":"https:\/\/creartestyling.com\/wp-content\/uploads\/2024\/04\/logo.png","contentUrl":"https:\/\/creartestyling.com\/wp-content\/uploads\/2024\/04\/logo.png","width":691,"height":259,"caption":"Crearte Styling"},"image":{"@id":"https:\/\/creartestyling.com\/#\/schema\/logo\/image\/"}}]}},"_links":{"self":[{"href":"https:\/\/creartestyling.com\/ca\/wp-json\/wp\/v2\/product\/7304","targetHints":{"allow":["GET"]}}],"collection":[{"href":"https:\/\/creartestyling.com\/ca\/wp-json\/wp\/v2\/product"}],"about":[{"href":"https:\/\/creartestyling.com\/ca\/wp-json\/wp\/v2\/types\/product"}],"replies":[{"embeddable":true,"href":"https:\/\/creartestyling.com\/ca\/wp-json\/wp\/v2\/comments?post=7304"}],"wp:featuredmedia":[{"embeddable":true,"href":"https:\/\/creartestyling.com\/ca\/wp-json\/wp\/v2\/media\/7305"}],"wp:attachment":[{"href":"https:\/\/creartestyling.com\/ca\/wp-json\/wp\/v2\/media?parent=7304"}],"wp:term":[{"taxonomy":"product_brand","embeddable":true,"href":"https:\/\/creartestyling.com\/ca\/wp-json\/wp\/v2\/product_brand?post=7304"},{"taxonomy":"product_cat","embeddable":true,"href":"https:\/\/creartestyling.com\/ca\/wp-json\/wp\/v2\/product_cat?post=7304"},{"taxonomy":"product_tag","embeddable":true,"href":"https:\/\/creartestyling.com\/ca\/wp-json\/wp\/v2\/product_tag?post=7304"},{"taxonomy":"giftcard-category","embeddable":true,"href":"https:\/\/creartestyling.com\/ca\/wp-json\/wp\/v2\/giftcard-category?post=7304"}],"curies":[{"name":"wp","href":"https:\/\/api.w.org\/{rel}","templated":true}]}}